{"id":3666,"date":"2025-04-07T19:01:19","date_gmt":"2025-04-07T17:01:19","guid":{"rendered":"https:\/\/bredablick.se\/?page_id=3666"},"modified":"2025-04-07T19:34:48","modified_gmt":"2025-04-07T17:34:48","slug":"recommendations","status":"publish","type":"page","link":"https:\/\/bredablick.se\/en\/recommendations\/","title":{"rendered":"Recommendations"},"content":{"rendered":"<div id=\"pl-3666\"  class=\"panel-layout\" ><div id=\"pg-3666-0\"  class=\"panel-grid panel-no-style\" ><div id=\"pgc-3666-0-0\"  class=\"panel-grid-cell\" ><div id=\"panel-3666-0-0-0\" class=\"so-panel widget widget_hero panel-first-child panel-last-child\" data-index=\"0\" ><div\n\t\t\t\n\t\t\tclass=\"so-widget-hero so-widget-hero-base\"\n\t\t\t\n\t\t><div class=\"hero-wrapper\">\n<div class=\"backdrop\"\n        style=\"background-image:url(https:\/\/bredablick.se\/wp-content\/uploads\/sites\/3\/2017\/09\/IMG_2021-480x320.jpg)\"\n        data-large=\"https:\/\/bredablick.se\/wp-content\/uploads\/sites\/3\/2017\/09\/IMG_2021-1024x683.jpg\"\n        data-w1200=\"https:\/\/bredablick.se\/wp-content\/uploads\/sites\/3\/2017\/09\/IMG_2021-1200x800.jpg\"\n        data-w768=\"https:\/\/bredablick.se\/wp-content\/uploads\/sites\/3\/2017\/09\/IMG_2021-768x512.jpg\"\n        data-w480=\"https:\/\/bredablick.se\/wp-content\/uploads\/sites\/3\/2017\/09\/IMG_2021-480x320.jpg\">\n<\/div>\n\n<div class=\"widget-hero\">\n    <div class=\"content\">\n                    <h1>\n            Recommendations        <\/h1>\n            <\/div>\n    <\/div>\n<\/div>\n<\/div><\/div><\/div><\/div><div id=\"pg-3666-1\"  class=\"panel-grid panel-no-style\" ><div id=\"pgc-3666-1-0\"  class=\"panel-grid-cell\" ><div id=\"panel-3666-1-0-0\" class=\"so-panel widget widget_center-text panel-first-child panel-last-child\" data-index=\"1\" ><div\n\t\t\t\n\t\t\tclass=\"so-widget-center-text so-widget-center-text-base\"\n\t\t\t\n\t\t><style>\n    #widget-29096883067f4014447dfc167819203{\n        background-color: #eaca7a;\n    }\n    #widget-29096883067f4014447dfc167819203 .content *{\n        color:#0c0c0c;\n    }\n<\/style>\n\n\n<div id=\"widget-29096883067f4014447dfc167819203\" class=\"container\">\n    <div class=\"content\">\n        <h2>Visby<\/h2>\n    <\/div>\n<\/div>\n<\/div><\/div><\/div><\/div><div id=\"pg-3666-2\"  class=\"panel-grid panel-no-style\" ><div id=\"pgc-3666-2-0\"  class=\"panel-grid-cell panel-grid-cell-empty\" ><\/div><div id=\"pgc-3666-2-1\"  class=\"panel-grid-cell\" ><div id=\"panel-3666-2-1-0\" class=\"so-panel widget widget_center-text panel-first-child panel-last-child\" data-index=\"2\" ><div\n\t\t\t\n\t\t\tclass=\"so-widget-center-text so-widget-center-text-base\"\n\t\t\t\n\t\t><style>\n    #widget-59fc8b2206f78{\n        background-color: ;\n    }\n    #widget-59fc8b2206f78 .content *{\n        color:#565656;\n    }\n<\/style>\n\n\n<div id=\"widget-59fc8b2206f78\" class=\"container\">\n    <div class=\"content\">\n        <h3 style=\"text-align: left;\">Our Best Restaurant Tips in Visby<\/h3>\n<p style=\"text-align: left;\"><strong>G:a Masters<\/strong> - A small and personal restaurant located next to the main square. During the summer, they open up their outdoor seating as well. Here you can enjoy everything from traditional Swedish dishes to \u00c0 la Carte. Don\u2019t miss their meatballs, they\u2019re \"to die for.\"<\/p>\n<p style=\"text-align: left;\"><strong>Surfers<\/strong> - A very popular tapas restaurant in Visby\u2019s city center offering dishes from the Sichuan province in China. The atmosphere is fantastic, and they also serve delicious drinks. A few favorites include: five spice ribs and the lucky shrimp balls.<\/p>\n<p style=\"text-align: left;\"><strong>Adelita Taqueria &amp; Tequila<\/strong> - A Mexican-themed restaurant. Amazing flavors in all the dishes, accompanied by nacho chips.<\/p>\n<p style=\"text-align: left;\"><strong>Fiket<\/strong> - A cozy caf\u00e9 located near \u00d6ster Centrum. Here, you\u2019ll find both delicious pastries and lunch. They serve, among other things, sandwiches and salads. A strong favorite is any of their pies with berries and vanilla sauce!<\/p>\n<p style=\"text-align: left;\"><strong>Caf\u00e9 Mirell<\/strong> - A family-friendly and cozy caf\u00e9 located on Adelsgatan. Visby\u2019s greenest caf\u00e9 offering vegan meals for breakfast, lunch, and fika. They serve, among other things, sandwiches and salads.<\/p>\n<p style=\"text-align: left;\"><strong>S:t Hans Caf\u00e9<\/strong> - S:t Hans Caf\u00e9 is a genuine garden caf\u00e9 in the heart of Visby\u2019s city center. They serve breakfast, coffee, and \"fika\" with homemade baked goods. They also have a lunch menu where the dishes are composed according to the season.<\/p>\n<p style=\"text-align: left;\"><strong>Lulu<\/strong> - A restaurant with flavors mixed from Asia and South America. The menu includes various types of sushi and several different varieties of pok\u00e9 bowls.<\/p>\n<p style=\"text-align: left;\"><strong>Cr\u00eaperie och Logi<\/strong> - A cozy restaurant serving both lunch and dinner. They offer French galettes and cr\u00eapes in their own unique way.<\/p>\n<p style=\"text-align: left;\"><strong>Munkk\u00e4llaren<\/strong> - A popular dinner restaurant and tavern located on Stora Torget. They have a varied menu that caters to all tastes. It\u2019s especially appreciated for its meat dishes.<\/p>\n<p style=\"text-align: left;\"><strong>Bakfickan<\/strong> - Located on Stora Torget next to Munkk\u00e4llaren. A very popular seafood restaurant that\u2019s a must for anyone who loves fish and shellfish. They serve both lunch and dinner, and you can also buy seafood and other delicacies over the counter.<\/p>\n<p style=\"text-align: left;\"><strong>Bageriet<\/strong> - A small and cozy restaurant on Stora Torget. Here, they serve well-prepared seasonal food in a family-friendly environment.<\/p>\n<p style=\"text-align: left;\"><strong>Isola Bella<\/strong> - An Italian-inspired restaurant. Tasty and well-prepared meals. Located about 50 meters from the main square, it has an atmosphere that blends medieval Visby with a \"Lady and the Tramp\" vibe.<\/p>\n<p style=\"text-align: left;\"><strong>Joda Bar och K\u00f6k<\/strong> -\u00a0Enjoy a good lunch down by the Visby harbor. The daily special is served Monday to Friday. They offer a variety of meals, so there\u2019s something for everyone.<\/p>\n<p style=\"text-align: left;\"><strong>Mile Lire<\/strong> - Mille Lire is a traditional Italian pizzeria located at Stora Torget in Visby\u2019s city center. They serve top-class stone-baked pizzas. If you ask us, it\u2019s Visby\u2019s best pizzeria.<\/p>\n    <\/div>\n<\/div>\n<\/div><\/div><\/div><div id=\"pgc-3666-2-2\"  class=\"panel-grid-cell panel-grid-cell-empty\" ><\/div><div id=\"pgc-3666-2-3\"  class=\"panel-grid-cell panel-grid-cell-mobile-last\" ><div id=\"panel-3666-2-3-0\" class=\"so-panel widget widget_center-text panel-first-child panel-last-child\" data-index=\"3\" ><div\n\t\t\t\n\t\t\tclass=\"so-widget-center-text so-widget-center-text-base\"\n\t\t\t\n\t\t><style>\n    #widget-59fc8b238abaf{\n        background-color: ;\n    }\n    #widget-59fc8b238abaf .content *{\n        color:#565656;\n    }\n<\/style>\n\n\n<div id=\"widget-59fc8b238abaf\" class=\"container\">\n    <div class=\"content\">\n        <h3 style=\"text-align: left;\">Dog-Friendly Restaurants in Visby<\/h3>\n<p style=\"text-align: left;\">At these places, your dog is welcome both inside and outside.<\/p>\n<p style=\"text-align: left;\"><strong>Jessens Saluhall och Bar<\/strong> - Gotland's only mini market combined with a restaurant and bar. They have gathered locally produced and grown products alongside favorites from other parts of Europe to offer something for everyone. They serve both lunch and dinner and are centrally located on H\u00e4stgatan.<\/p>\n<p style=\"text-align: left;\"><strong>Bageriet Mat och Bar<\/strong> - A small, warm, and cozy restaurant on Stora Torget. Here, you can enjoy well-prepared seasonal food in a family-friendly environment.<\/p>\n<p style=\"text-align: left;\"><strong>Bistro Borgen<\/strong> \u2013 Serves both lunch and dinner with a wide range of dishes, including hamburgers, pizza, and pasta. They also offer several activities for a fun evening, including pool, darts, and karaoke. Located on S\u00f6dra Murgatan near \u00d6sterport.<\/p>\n<p style=\"text-align: left;\"><strong>Bryggeriet Mat och Malt<\/strong> \u2013A dinner restaurant just a few minutes' walk from Visby\u2019s city center. Here, they serve modern and exciting dishes with high-quality vegetables and herbs from their own garden. The brewery also offers beer tastings for those interested.<\/p>\n<p style=\"text-align: left;\"><strong>Br\u00f6dboden<\/strong> \u2013 A caf\u00e9 located at S\u00f6dertorg, right by S\u00f6derport and also at \u00d6stercentrum. Here, you'll find everything from ready-made sandwiches to high-quality pastries, such as delicious cakes and pastries.<\/p>\n<p style=\"text-align: left;\"><strong>Caf\u00e9 Amalia<\/strong> \u2013 A small and cozy caf\u00e9 serving breakfast, brunch, and lunch. They offer soups, sandwiches, and other tasty treats, all served on beautiful plates and with delicate presentations. Located on S\u00f6dra Kyrkogatan.<\/p>\n<p style=\"text-align: left;\"><strong>Caf\u00e9 Mirell<\/strong> - A family-friendly and cozy caf\u00e9 located on Adelsgatan. Visby's greenest caf\u00e9 offering vegan meals for breakfast, lunch, and fika. They serve sandwiches and salads, among other things.<\/p>\n<p style=\"text-align: left;\"><strong>Creperie och Logi<\/strong> - A cozy restaurant serving both lunch and dinner. They offer French galettes and cr\u00eapes in their unique way. They have a lovely terrace with heaters where four-legged friends are welcome!<\/p>\n<p style=\"text-align: left;\"><strong>H10 Bar och Caf\u00e9<\/strong> - Located on H\u00e4stgatan in the heart of Visby, right next to Kr\u00e4nk\u00fc. They serve breakfast, a wide lunch selection with everything from salads to potato pancakes with bacon. They also offer homemade pastries, all in a relaxed and pleasant atmosphere.<\/p>\n<p style=\"text-align: left;\"><strong>Isola Bella<\/strong> - An Italian-inspired restaurant offering tasty and well-prepared meals. Located about 50 meters from the main square, it has an atmosphere that combines medieval Visby with a \"Lady and the Tramp\" vibe. They also serve a daily special and a lunch buffet.<\/p>\n<p style=\"text-align: left;\"><strong>Lindg\u00e5rdens V\u00e4rdshus<\/strong> - Here, you can enjoy perfectly prepared meals with a delightful experience for your taste buds. The ingredients used are from Gotland and carefully selected according to the season. A cozy and beautiful restaurant.<\/p>\n<p style=\"text-align: left;\"><strong>Plaza Restaurang och Bar<\/strong> \u2013 A restaurant on Stora Torget with a concept of serving uncomplicated food. They\u2019ve handpicked the best from three cuisines: Italian, French, and Swedish.<\/p>\n<p style=\"text-align: left;\"><strong>S:t Hans Caf\u00e9<\/strong> - S:t Hans Caf\u00e9 is a genuine garden caf\u00e9 in the heart of Visby. They serve breakfast, coffee, and fika with homemade baked goods. They also have a lunch menu with dishes composed according to the season.<\/p>\n<p style=\"text-align: left;\"><strong>Sj\u00e4ls\u00f6 Bageri<\/strong> \u2013 A caf\u00e9 located about 10 kilometers north of Visby, right next to Sj\u00e4ls\u00f6 harbor with beautiful walking trails in lovely nature. They sell several types of stone-baked sourdough bread. They serve breakfast and lighter lunch sandwiches with a variety of toppings. The icing on the cake is their juicy buns of various kinds, baked with plenty of real butter.<\/p>\n    <\/div>\n<\/div>\n<\/div><\/div><\/div><div id=\"pgc-3666-2-4\"  class=\"panel-grid-cell panel-grid-cell-empty\" ><\/div><\/div><div id=\"pg-3666-3\"  class=\"panel-grid panel-no-style\" ><div id=\"pgc-3666-3-0\"  class=\"panel-grid-cell\" ><div id=\"panel-3666-3-0-0\" class=\"so-panel widget widget_center-text panel-first-child panel-last-child\" data-index=\"4\" ><div\n\t\t\t\n\t\t\tclass=\"so-widget-center-text so-widget-center-text-base\"\n\t\t\t\n\t\t><style>\n    #widget-52473540567f3cb7ea7de9781350638{\n        background-color: #eaca7a;\n    }\n    #widget-52473540567f3cb7ea7de9781350638 .content *{\n        color:#0c0c0c;\n    }\n<\/style>\n\n\n<div id=\"widget-52473540567f3cb7ea7de9781350638\" class=\"container\">\n    <div class=\"content\">\n        <h2>Gotland<\/h2>\n    <\/div>\n<\/div>\n<\/div><\/div><\/div><\/div><div id=\"pg-3666-4\"  class=\"panel-grid panel-no-style\" ><div id=\"pgc-3666-4-0\"  class=\"panel-grid-cell panel-grid-cell-empty\" ><\/div><div id=\"pgc-3666-4-1\"  class=\"panel-grid-cell\" ><div id=\"panel-3666-4-1-0\" class=\"so-panel widget widget_center-text panel-first-child panel-last-child\" data-index=\"5\" ><div\n\t\t\t\n\t\t\tclass=\"so-widget-center-text so-widget-center-text-base\"\n\t\t\t\n\t\t><style>\n    #widget-113409628067f3cc1cab481766782469{\n        background-color: ;\n    }\n    #widget-113409628067f3cc1cab481766782469 .content *{\n        color:#565656;\n    }\n<\/style>\n\n\n<div id=\"widget-113409628067f3cc1cab481766782469\" class=\"container\">\n    <div class=\"content\">\n        <h3 style=\"text-align: center;\">Our Best Restaurant Tips Outside Visby<\/h3>\n<p style=\"text-align: center;\"><strong>Bruna D\u00f6rren<\/strong> - A lovely restaurant in Ljugarn. It\u2019s especially great for families with children as they have a play area with lots of Duplo, where the kids can entertain themselves. Their specialty is potatoes, and they serve fantastic fish and chips and ragmunk. Their pizza is also worth a visit. Located right by Ljugarn beach, so you can easily spend a whole day here.<\/p>\n<p style=\"text-align: center;\"><strong>Djupviks Restaurang<\/strong> - A cozy atmosphere with beautiful d\u00e9cor. The food is truly 10\/10. A tip is to take a detour along the Ekstakusten, which is right nearby.<\/p>\n<p style=\"text-align: center;\"><strong>Rute Stenugnsbageri<\/strong> - A lovely environment and cozy place with delicious lunch and fika. It\u2019s the perfect stop if you\u2019re visiting F\u00e5r\u00f6, for example.<\/p>\n<p style=\"text-align: left;\"><strong>More Tips<\/strong><\/p>\n<ul>\n<li style=\"text-align: left;\">F\u00e5r\u00f6 G\u00e5rdskrog - F\u00e5r\u00f6<\/li>\n<li style=\"text-align: left;\">Creperie Tati (Kutens Bensin) - F\u00e5r\u00f6<\/li>\n<li style=\"text-align: left;\">Sudersannas - F\u00e5r\u00f6<\/li>\n<li style=\"text-align: left;\">Pastamakarna - F\u00e5r\u00f6<\/li>\n<li style=\"text-align: left;\">Bonden och B\u00f6norna - Slite<\/li>\n<li style=\"text-align: left;\">Ett litet creperie - Stenkyrka<\/li>\n<li style=\"text-align: left;\">Krysmyntag\u00e5rden - Lummelunda<\/li>\n<li style=\"text-align: left;\">Nya Masters - Lummelunda<\/li>\n<li style=\"text-align: left;\">Sj\u00e4ls\u00f6 Bageri - Sj\u00e4ls\u00f6<\/li>\n<li style=\"text-align: left;\">Snack - Sn\u00e4ck<\/li>\n<li style=\"text-align: left;\">Lergravs Fisk - Lergrav<\/li>\n<li style=\"text-align: left;\">Lilla Tr\u00e4g\u00e5rn - Ljugarn<\/li>\n<li style=\"text-align: left;\">Katthammarsviks R\u00f6keri - Katthammarsvik<\/li>\n<li style=\"text-align: left;\">Broman &amp; Son - Gnisv\u00e4rd<\/li>\n<li style=\"text-align: left;\">Surflogiet - Tofta<\/li>\n<li style=\"text-align: left;\">Tofta Beach House - Tofta<\/li>\n<li style=\"text-align: left;\">Toftag\u00e5rden - Tofta<\/li>\n<li style=\"text-align: left;\">Guldkaggen Burgsvik - Burgsvik<\/li>\n<\/ul>\n    <\/div>\n<\/div>\n<\/div><\/div><\/div><div id=\"pgc-3666-4-2\"  class=\"panel-grid-cell panel-grid-cell-empty\" ><\/div><div id=\"pgc-3666-4-3\"  class=\"panel-grid-cell panel-grid-cell-mobile-last\" ><div id=\"panel-3666-4-3-0\" class=\"so-panel widget widget_center-text panel-first-child panel-last-child\" data-index=\"6\" ><div\n\t\t\t\n\t\t\tclass=\"so-widget-center-text so-widget-center-text-base\"\n\t\t\t\n\t\t><style>\n    #widget-134978574867f3cdd2f0a33297884971{\n        background-color: ;\n    }\n    #widget-134978574867f3cdd2f0a33297884971 .content *{\n        color:#565656;\n    }\n<\/style>\n\n\n<div id=\"widget-134978574867f3cdd2f0a33297884971\" class=\"container\">\n    <div class=\"content\">\n        <h3>Our Best Sights in Gotland<\/h3>\n<p style=\"text-align: center;\"><strong>Sm\u00f6jen<\/strong> - Located on Gotland\u2019s northeastern coast. A cool spot where you can swim both in a limestone quarry and the sea (rocky beach). The old factory in the limestone quarry adds to the charm. It\u2019s an amazing place! You can also take the opportunity to swing by Lergrav to buy smoked fish for lunch, as it\u2019s relatively close, or stop at Rute Stenugnsbageri for a coffee.<\/p>\n<p style=\"text-align: center;\"><strong>Ljugarn<\/strong> - There\u2019s something for everyone here, whether you want to discover the beauty of Gotland, sunbathe, swim, or enjoy a delicious lunch. Some tips are Ljugarn\u2019s beach, the Folhammar rauk area, and heading down to the harbor where there\u2019s a smokehouse and a waffle restaurant.<\/p>\n<p style=\"text-align: center;\"><strong>Sj\u00e4ls\u00f6<\/strong> - A charming little fishing village just north of Visby, perfect for a relaxing day trip. Here, you can enjoy a soothing sea view, walk along the beautiful coastline, and visit the idyllic fishing harbor. If you enjoy cycling or walking, the journey there is an experience in itself. Don\u2019t miss Sj\u00e4ls\u00f6 Bakery, where they offer both breakfast and fika with a fantastic view.<\/p>\n<p style=\"text-align: center;\"><strong>Bl\u00e5 Lagunen<\/strong> - A fantastic bathing spot on northern Gotland, known for its crystal-clear, turquoise-blue water. It\u2019s located in an old limestone quarry, offering a unique and beautiful environment for swimming and sunbathing. The water here is often warmer than the sea, making it a popular spot in the summer. If you want to experience Gotland's unique nature, Bl\u00e5 Lagunen is a must!<\/p>\n<h3 style=\"text-align: center;\">Gotland's Best Beaches<\/h3>\n<p style=\"text-align: center;\"><strong>Svarth\u00e4ll<\/strong> - A beach located near Ihreviken. It\u2019s a hidden gem, about a kilometer long. The shallow waters make it perfect for small children. There are a few dining options nearby.<\/p>\n<p style=\"text-align: center;\"><strong>Sandvikens Strand<\/strong> - A large and wide beach with shallow, warm waters as it\u2019s located in a bay. There\u2019s a campsite right next door where you can buy ice cream and lunch.<\/p>\n<p style=\"text-align: center;\"><strong>Nisseviken<\/strong> - A shallow bathing spot with a sandy beach and a pier, located on southeastern Gotland, about 70 kilometers from Visby. Nisseviken is known for having the warmest water on Gotland.<\/p>\n<p style=\"text-align: left;\"><strong>More Tips<\/strong><\/p>\n<ul>\n<li style=\"text-align: left;\">Tofta Strand<\/li>\n<li style=\"text-align: left;\">Sandviken<\/li>\n<li style=\"text-align: left;\">Sudersand<\/li>\n<li style=\"text-align: left;\">Sm\u00f6jen<\/li>\n<li style=\"text-align: left;\">Bl\u00e5 Lagunen<\/li>\n<li style=\"text-align: left;\">Ihreviken<\/li>\n<li style=\"text-align: left;\">Norsta Aurar<\/li>\n<li style=\"text-align: left;\">Ekeviken<\/li>\n<li style=\"text-align: left;\">Hideviken<\/li>\n<li style=\"text-align: left;\">Gnisv\u00e4rd<\/li>\n<li style=\"text-align: left;\">Djupvik<\/li>\n<\/ul>\n    <\/div>\n<\/div>\n<\/div><\/div><\/div><div id=\"pgc-3666-4-4\"  class=\"panel-grid-cell panel-grid-cell-empty\" ><\/div><\/div><\/div>","protected":false},"excerpt":{"rendered":"<p>Recommendations Visby Our Best Restaurant Tips in Visby G:a Masters &#8211; A small and personal restaurant located next to the main square. During the summer, they open up their outdoor seating as well. Here you can enjoy everything from traditional Swedish dishes to \u00c0 la Carte. Don\u2019t miss their meatballs, they\u2019re &#8220;to die for.&#8221; Surfers [&hellip;]<\/p>\n","protected":false},"author":18,"featured_media":0,"parent":0,"menu_order":0,"comment_status":"closed","ping_status":"closed","template":"","meta":{"footnotes":""},"class_list":["post-3666","page","type-page","status-publish","hentry"],"yoast_head":"<!-- This site is optimized with the Yoast SEO plugin v26.9 - https:\/\/yoast.com\/product\/yoast-seo-wordpress\/ -->\n<title>Rekommendationer | Hotell Breda Blick i Visby<\/title>\n<meta name=\"description\" content=\"Rekommendationer och tips i Visby och p\u00e5 Gotland!\" \/>\n<meta name=\"robots\" content=\"index, follow, max-snippet:-1, max-image-preview:large, max-video-preview:-1\" \/>\n<link rel=\"canonical\" href=\"https:\/\/bredablick.se\/en\/recommendations\/\" \/>\n<meta property=\"og:locale\" content=\"en_US\" \/>\n<meta property=\"og:type\" content=\"article\" \/>\n<meta property=\"og:title\" content=\"Rekommendationer | Hotell Breda Blick i Visby\" \/>\n<meta property=\"og:description\" content=\"Rekommendationer och tips i Visby och p\u00e5 Gotland!\" \/>\n<meta property=\"og:url\" content=\"https:\/\/bredablick.se\/en\/recommendations\/\" \/>\n<meta property=\"og:site_name\" content=\"Hotell Breda Blick\" \/>\n<meta property=\"article:modified_time\" content=\"2025-04-07T17:34:48+00:00\" \/>\n<meta name=\"twitter:card\" content=\"summary_large_image\" \/>\n<meta name=\"twitter:label1\" content=\"Est. reading time\" \/>\n\t<meta name=\"twitter:data1\" content=\"8 minutes\" \/>\n<!-- \/ Yoast SEO plugin. -->","yoast_head_json":{"title":"Rekommendationer | Hotell Breda Blick i Visby","description":"Rekommendationer och tips i Visby och p\u00e5 Gotland!","robots":{"index":"index","follow":"follow","max-snippet":"max-snippet:-1","max-image-preview":"max-image-preview:large","max-video-preview":"max-video-preview:-1"},"canonical":"https:\/\/bredablick.se\/en\/recommendations\/","og_locale":"en_US","og_type":"article","og_title":"Rekommendationer | Hotell Breda Blick i Visby","og_description":"Rekommendationer och tips i Visby och p\u00e5 Gotland!","og_url":"https:\/\/bredablick.se\/en\/recommendations\/","og_site_name":"Hotell Breda Blick","article_modified_time":"2025-04-07T17:34:48+00:00","twitter_card":"summary_large_image","twitter_misc":{"Est. reading time":"8 minutes"},"schema":{"@context":"https:\/\/schema.org","@graph":[{"@type":"WebPage","@id":"https:\/\/bredablick.se\/en\/recommendations\/","url":"https:\/\/bredablick.se\/en\/recommendations\/","name":"Rekommendationer | Hotell Breda Blick i Visby","isPartOf":{"@id":"https:\/\/bredablick.se\/en\/#website"},"datePublished":"2025-04-07T17:01:19+00:00","dateModified":"2025-04-07T17:34:48+00:00","description":"Rekommendationer och tips i Visby och p\u00e5 Gotland!","breadcrumb":{"@id":"https:\/\/bredablick.se\/en\/recommendations\/#breadcrumb"},"inLanguage":"en-US","potentialAction":[{"@type":"ReadAction","target":["https:\/\/bredablick.se\/en\/recommendations\/"]}]},{"@type":"BreadcrumbList","@id":"https:\/\/bredablick.se\/en\/recommendations\/#breadcrumb","itemListElement":[{"@type":"ListItem","position":1,"name":"Hem","item":"https:\/\/bredablick.se\/en\/"},{"@type":"ListItem","position":2,"name":"Recommendations"}]},{"@type":"WebSite","@id":"https:\/\/bredablick.se\/en\/#website","url":"https:\/\/bredablick.se\/en\/","name":"Hotell Breda Blick","description":"Ett sekelskifteshotell i Visby","potentialAction":[{"@type":"SearchAction","target":{"@type":"EntryPoint","urlTemplate":"https:\/\/bredablick.se\/en\/?s={search_term_string}"},"query-input":{"@type":"PropertyValueSpecification","valueRequired":true,"valueName":"search_term_string"}}],"inLanguage":"en-US"}]}},"acf":{"richsnippet":""},"_links":{"self":[{"href":"https:\/\/bredablick.se\/en\/wp-json\/wp\/v2\/pages\/3666","targetHints":{"allow":["GET"]}}],"collection":[{"href":"https:\/\/bredablick.se\/en\/wp-json\/wp\/v2\/pages"}],"about":[{"href":"https:\/\/bredablick.se\/en\/wp-json\/wp\/v2\/types\/page"}],"author":[{"embeddable":true,"href":"https:\/\/bredablick.se\/en\/wp-json\/wp\/v2\/users\/18"}],"replies":[{"embeddable":true,"href":"https:\/\/bredablick.se\/en\/wp-json\/wp\/v2\/comments?post=3666"}],"version-history":[{"count":11,"href":"https:\/\/bredablick.se\/en\/wp-json\/wp\/v2\/pages\/3666\/revisions"}],"predecessor-version":[{"id":3672,"href":"https:\/\/bredablick.se\/en\/wp-json\/wp\/v2\/pages\/3666\/revisions\/3672"}],"wp:attachment":[{"href":"https:\/\/bredablick.se\/en\/wp-json\/wp\/v2\/media?parent=3666"}],"curies":[{"name":"wp","href":"https:\/\/api.w.org\/{rel}","templated":true}]}}