{"id":3546,"date":"2025-01-21T21:00:48","date_gmt":"2025-01-21T20:00:48","guid":{"rendered":"https:\/\/bredablick.se\/?page_id=3546"},"modified":"2026-04-29T16:56:20","modified_gmt":"2026-04-29T14:56:20","slug":"information","status":"publish","type":"page","link":"https:\/\/bredablick.se\/en\/information\/","title":{"rendered":"Information &amp; Contact"},"content":{"rendered":"<div id=\"pl-3546\"  class=\"panel-layout\" ><div id=\"pg-3546-0\"  class=\"panel-grid panel-no-style\" ><div id=\"pgc-3546-0-0\"  class=\"panel-grid-cell\" ><div id=\"panel-3546-0-0-0\" class=\"so-panel widget widget_hero panel-first-child panel-last-child\" data-index=\"0\" ><div\n\t\t\t\n\t\t\tclass=\"so-widget-hero so-widget-hero-base\"\n\t\t\t\n\t\t><div class=\"hero-wrapper\">\n<div class=\"backdrop\"\n        style=\"background-image:url(https:\/\/bredablick.se\/wp-content\/uploads\/sites\/3\/2017\/01\/Hotell_BredaBlick-480x320.jpg)\"\n        data-large=\"https:\/\/bredablick.se\/wp-content\/uploads\/sites\/3\/2017\/01\/Hotell_BredaBlick-1024x683.jpg\"\n        data-w1200=\"https:\/\/bredablick.se\/wp-content\/uploads\/sites\/3\/2017\/01\/Hotell_BredaBlick-1200x800.jpg\"\n        data-w768=\"https:\/\/bredablick.se\/wp-content\/uploads\/sites\/3\/2017\/01\/Hotell_BredaBlick-768x512.jpg\"\n        data-w480=\"https:\/\/bredablick.se\/wp-content\/uploads\/sites\/3\/2017\/01\/Hotell_BredaBlick-480x320.jpg\">\n<\/div>\n\n<div class=\"widget-hero\">\n    <div class=\"content\">\n                    <h1>\n            Information &amp; Contact        <\/h1>\n            <\/div>\n    <\/div>\n<\/div>\n<\/div><\/div><\/div><\/div><div id=\"pg-3546-1\"  class=\"panel-grid panel-has-style\" ><div class=\"panel-row-style panel-row-style-for-3546-1\" ><div id=\"pgc-3546-1-0\"  class=\"panel-grid-cell panel-grid-cell-empty\" ><\/div><div id=\"pgc-3546-1-1\"  class=\"panel-grid-cell\" ><div id=\"panel-3546-1-1-0\" class=\"so-panel widget widget_center-text panel-first-child panel-last-child\" data-index=\"1\" ><div\n\t\t\t\n\t\t\tclass=\"so-widget-center-text so-widget-center-text-base\"\n\t\t\t\n\t\t><style>\n    #widget-591edb9933660{\n        background-color: #ffffff;\n    }\n    #widget-591edb9933660 .content *{\n        color:#0c0c0c;\n    }\n<\/style>\n\n\n<div id=\"widget-591edb9933660\" class=\"container\">\n    <div class=\"content\">\n        <p style=\"text-align: left;\"><strong>OPENING HOURS\/RECEPTION<br \/>\n<\/strong>The hotel is open for the 2026 season. Welcome!<\/p>\n<p style=\"text-align: left;\">Booking questions are easiest to make by email to <a href=\"mailto:info@bredablick.se\">info@bredablick.se<\/a>.<br \/>\nBooking on the website is open all year round.<\/p>\n<p style=\"text-align: left;\">For most non-urgent matters, we can also be reached by phone at 0498-20 22 60.<\/p>\n<p style=\"text-align: left;\"><strong>Reception Opening Hours<\/strong><br \/>\nMarch 31-June 21 2026: 07AM \u2013 5PM<br \/>\nJune 22-Aug 16 2026: 07AM \u2013 8PM<br \/>\nAug 17-Oct 4 2026: 07AM \u2013 5PM<\/p>\n<p style=\"text-align: left;\">For emergency calls 5PM-7AM, call +46 498-20 22 69. Emergency calls include water leaks or key cards that are not working, which means you cannot enter your room.<\/p>\n<p style=\"text-align: left;\">Emergency calls that are not urgent, such as booking questions, may be charged. The emergency service does not have access to a booking system or email, and we therefore refer certain questions to the reception during opening hours 7AM-5PM on +46 498-20 22 60.<\/p>\n<p style=\"text-align: left;\">Lost cards that the emergency service needs to solve will be charged 500 SEK.<\/p>\n<p style=\"text-align: left;\"><strong>INFORMATION<\/strong><br \/>\nYou will find all necessary about the hotel and our services further down \u2013 keep scrolling!<\/p>\n    <\/div>\n<\/div>\n<\/div><\/div><\/div><div id=\"pgc-3546-1-2\"  class=\"panel-grid-cell panel-grid-cell-mobile-last\" ><div id=\"panel-3546-1-2-0\" class=\"so-panel widget widget_center-text panel-first-child panel-last-child\" data-index=\"2\" ><div\n\t\t\t\n\t\t\tclass=\"so-widget-center-text so-widget-center-text-base\"\n\t\t\t\n\t\t><style>\n    #widget-591edb9c930a1{\n        background-color: ;\n    }\n    #widget-591edb9c930a1 .content *{\n        color:#0c0c0c;\n    }\n<\/style>\n\n\n<div id=\"widget-591edb9c930a1\" class=\"container\">\n    <div class=\"content\">\n        <p style=\"text-align: left;\"><strong>PHONE<\/strong><br \/>\n+46 498-20 22 60<\/p>\n<p style=\"text-align: left;\"><strong>E-MAIL<\/strong><br \/>\ninfo@bredablick.se<\/p>\n<p style=\"text-align: left;\"><strong>ADDRESS<\/strong><br \/>\nTranhusgatan 33<br \/>\n621 56 Visby, Gotland<br \/>\nSweden<\/p>\n<p style=\"text-align: left;\"><strong>SOCIALS<\/strong><br \/>\nInstagram <a href=\"https:\/\/www.instagram.com\/hotellbredablick?utm_source=ig_web_button_share_sheet&amp;igsh=ZDNlZDc0MzIxNw==\">@hotellbredablick<\/a><br \/>\nFacebook <a href=\"https:\/\/www.facebook.com\/hotellbredablick\/\">Hotell Breda Blick<\/a><\/p>\n<p style=\"text-align: left;\"><a href=\"https:\/\/www.google.com\/maps\/dir\/Visby+hamnterminal,+Visby\/Hotell+Breda+Blick+Visby,+Tranhusgatan,+Visby\/@57.6369902,18.2717195,4450m\/data=!3m1!1e3!4m15!4m14!1m5!1m1!1s0x46f7af2f2d325d69:0x1d5e3ad81a96b7af!2m2!1d18.279963!2d57.634419!1m5!1m1!1s0x46f7aed391c6bff7:0x79cf19415d7e4aa2!2m2!1d18.2965156!2d57.6444288!3e0!5i1?entry=ttu&amp;g_ep=EgoyMDI1MDUxMS4wIKXMDSoJLDEwMjExNDUzSAFQAw%3D%3D\">Map from the ferry\u00a0<\/a><\/p>\n    <\/div>\n<\/div>\n<\/div><\/div><\/div><div id=\"pgc-3546-1-3\"  class=\"panel-grid-cell panel-grid-cell-empty\" ><\/div><\/div><\/div><div id=\"pg-3546-2\"  class=\"panel-grid panel-no-style\" ><div id=\"pgc-3546-2-0\"  class=\"panel-grid-cell\" ><div id=\"panel-3546-2-0-0\" class=\"so-panel widget widget_blurb-slider panel-first-child panel-last-child\" data-index=\"3\" ><div\n\t\t\t\n\t\t\tclass=\"so-widget-blurb-slider so-widget-blurb-slider-base\"\n\t\t\t\n\t\t>\n\n<div class=\"flexslider\">\n\n<ul class=\"slides\">\n        <li>\n            <div class=\"frame-bg with-backdrop\">\n                <div class=\"backdrop half no-content\" style=\"background-image:url(https:\/\/bredablick.se\/wp-content\/uploads\/sites\/3\/2017\/02\/breda-slide8-480x320.jpg)\"\n                    data-w768=\"https:\/\/bredablick.se\/wp-content\/uploads\/sites\/3\/2017\/02\/breda-slide8-768x512.jpg\"\n                    data-w600=\"https:\/\/bredablick.se\/wp-content\/uploads\/sites\/3\/2017\/02\/breda-slide8-600x400.jpg\"\n                    data-w480=\"https:\/\/bredablick.se\/wp-content\/uploads\/sites\/3\/2017\/02\/breda-slide8-480x320.jpg\"><\/div>\n                                                <div class=\"inside\">\n                    \n                <h2><\/h2>\n                <p>\n                                    <\/p>\n                \n            <\/div>\n                            <\/div>\n     <\/li>\n            <li>\n            <div class=\"frame-bg with-backdrop\">\n                <div class=\"backdrop half no-content\" style=\"background-image:url(https:\/\/bredablick.se\/wp-content\/uploads\/sites\/3\/2017\/02\/breda-slide4-480x295.jpg)\"\n                    data-w768=\"https:\/\/bredablick.se\/wp-content\/uploads\/sites\/3\/2017\/02\/breda-slide4-768x472.jpg\"\n                    data-w600=\"https:\/\/bredablick.se\/wp-content\/uploads\/sites\/3\/2017\/02\/breda-slide4-600x369.jpg\"\n                    data-w480=\"https:\/\/bredablick.se\/wp-content\/uploads\/sites\/3\/2017\/02\/breda-slide4-480x295.jpg\"><\/div>\n                                                <div class=\"inside\">\n                    \n                <h2><\/h2>\n                <p>\n                                    <\/p>\n                \n            <\/div>\n                            <\/div>\n     <\/li>\n            <li>\n            <div class=\"frame-bg with-backdrop\">\n                <div class=\"backdrop half no-content\" style=\"background-image:url(https:\/\/bredablick.se\/wp-content\/uploads\/sites\/3\/2017\/02\/breda-slide12-480x320.jpg)\"\n                    data-w768=\"https:\/\/bredablick.se\/wp-content\/uploads\/sites\/3\/2017\/02\/breda-slide12-768x512.jpg\"\n                    data-w600=\"https:\/\/bredablick.se\/wp-content\/uploads\/sites\/3\/2017\/02\/breda-slide12-600x400.jpg\"\n                    data-w480=\"https:\/\/bredablick.se\/wp-content\/uploads\/sites\/3\/2017\/02\/breda-slide12-480x320.jpg\"><\/div>\n                                                <div class=\"inside\">\n                    \n                <h2><\/h2>\n                <p>\n                                    <\/p>\n                \n            <\/div>\n                            <\/div>\n     <\/li>\n            <li>\n            <div class=\"frame-bg with-backdrop\">\n                <div class=\"backdrop half no-content\" style=\"background-image:url(https:\/\/bredablick.se\/wp-content\/uploads\/sites\/3\/2017\/02\/breda-slide16-480x320.jpg)\"\n                    data-w768=\"https:\/\/bredablick.se\/wp-content\/uploads\/sites\/3\/2017\/02\/breda-slide16-768x512.jpg\"\n                    data-w600=\"https:\/\/bredablick.se\/wp-content\/uploads\/sites\/3\/2017\/02\/breda-slide16-600x400.jpg\"\n                    data-w480=\"https:\/\/bredablick.se\/wp-content\/uploads\/sites\/3\/2017\/02\/breda-slide16-480x320.jpg\"><\/div>\n                                                <div class=\"inside\">\n                    \n                <h2><\/h2>\n                <p>\n                                    <\/p>\n                \n            <\/div>\n                            <\/div>\n     <\/li>\n            <li>\n            <div class=\"frame-bg with-backdrop\">\n                <div class=\"backdrop half no-content\" style=\"background-image:url(https:\/\/bredablick.se\/wp-content\/uploads\/sites\/3\/2017\/02\/breda-slide15-480x339.jpg)\"\n                    data-w768=\"https:\/\/bredablick.se\/wp-content\/uploads\/sites\/3\/2017\/02\/breda-slide15-768x543.jpg\"\n                    data-w600=\"https:\/\/bredablick.se\/wp-content\/uploads\/sites\/3\/2017\/02\/breda-slide15-600x424.jpg\"\n                    data-w480=\"https:\/\/bredablick.se\/wp-content\/uploads\/sites\/3\/2017\/02\/breda-slide15-480x339.jpg\"><\/div>\n                                                <div class=\"inside\">\n                    \n                <h2><\/h2>\n                <p>\n                                    <\/p>\n                \n            <\/div>\n                            <\/div>\n     <\/li>\n        <\/ul>\n<\/div>\n<div class=\"clear\"><\/div>\n<\/div><\/div><\/div><\/div><div id=\"pg-3546-3\"  class=\"panel-grid panel-has-style\" ><div class=\"panel-row-style panel-row-style-for-3546-3\" ><div id=\"pgc-3546-3-0\"  class=\"panel-grid-cell panel-grid-cell-empty\" ><\/div><div id=\"pgc-3546-3-1\"  class=\"panel-grid-cell\" ><div id=\"panel-3546-3-1-0\" class=\"so-panel widget widget_center-text panel-first-child panel-last-child\" data-index=\"4\" ><div\n\t\t\t\n\t\t\tclass=\"so-widget-center-text so-widget-center-text-base\"\n\t\t\t\n\t\t><style>\n    #widget-66849211367f033a351dc6962920893{\n        background-color: #ffffff;\n    }\n    #widget-66849211367f033a351dc6962920893 .content *{\n        color:#0c0c0c;\n    }\n<\/style>\n\n\n<div id=\"widget-66849211367f033a351dc6962920893\" class=\"container\">\n    <div class=\"content\">\n        <p style=\"text-align: left;\"><strong>RECEPTION<\/strong><br \/>\nSee the opening hours of the hotel reception at the top of this page! You can also call us at +46 498-20 22 60.<\/p>\n<p style=\"text-align: left;\">Check-in takes place at the reception from 3:00 PM (earlier check-in possible depending on available rooms). Check-in outside the regular opening hours is possible and is done using a code that you receive when booking. Check-out no later than 11:00 AM.<\/p>\n<p style=\"text-align: left;\"><strong>DAILY CLEANING<\/strong><br \/>\nDaily cleaning? To protect the water, the environment and the privacy of our guests, we will not carry out any overnight cleaning during your stay as standard. If you would like daily cleaning, please book this at least one day before the actual cleaning time. If the booking is made after this deadline, a fee of 50 SEK per city will be added. To book an overnight cleaning or if you have any questions, please contact us and we will help you<\/p>\n<p style=\"text-align: left;\"><strong>\"EMERGENCY CABINET\"<\/strong><br \/>\nThe hotel has 2 \"emergency cabinets\" with practical items in case something in the room runs out and staff is not on site. The cabinets contain toilet paper, shampoo, batteries, fly swatter, coffee, tea, plasters, etc. H\u00f6ders Cabinet is located outside room 413 &amp; Balders Cabinet is located outside room 514.<\/p>\n<p style=\"text-align: left;\"><strong>DISTANCES<\/strong><br \/>\nShop: 400 m (groceries)<br \/>\nTown center: 0 m<br \/>\nPlaces for swimming: 150 m<br \/>\nRestaurant: 250 m<br \/>\nStora Torget: 170 m<br \/>\nAirport: 3.8 km<br \/>\nATM: 400 m<\/p>\n<p style=\"text-align: left;\"><strong>ADDRESS<\/strong><br \/>\nTranhusgatan 33, 621 56 Visby<\/p>\n<p style=\"text-align: left;\"><strong>PHONE<\/strong><br \/>\n<a href=\"http:\/\/tel+46498202260\">+46 498-20 22 60<\/a><\/p>\n<p style=\"text-align: left;\"><strong>FANCY A SWIM?<\/strong><br \/>\nKallbadhuset: 550 m<br \/>\nNorderstrand: 1.6 km<br \/>\nSn\u00e4ck: 5 km<br \/>\nTofta: 21 km<\/p>\n<p style=\"text-align: left;\"><strong>LUGGAGE STORAGE<\/strong><br \/>\nStorage facilities are available on arrival and departure days, contact reception.<\/p>\n<p style=\"text-align: left;\"><strong>BREAKFAST BUFFET<\/strong><br \/>\nOur popular breakfast buffet is served 7AM-9:30AM every day in Breda Blick's caf\u00e9 in H\u00f6ders hus (closest to Tranhusgatan). Enjoy a delicious breakfast buffet in the caf\u00e9 premises, or if the weather permits in Breda Blick's wonderful garden!<\/p>\n<p style=\"text-align: left;\">Breakfast is included for all our hotel guests. Guests who are not staying at the hotel are of course also welcome, price 200 SEK (115 SEK for children 3-9 years).<\/p>\n<p style=\"text-align: left;\"><strong>CAF\u00c9 BREDA BLICK<br \/>\n<\/strong>During the summer months we keep our fantastic ice cream caf\u00e9 open. We serve drinks with and without alcohol, a simple lunch, and spectacular ice cream creations. Outside of the summer season there is a smaller selection of drinks and snacks that can be purchased in the reception.<\/p>\n<p style=\"text-align: left;\"><strong>GOLF COURSES<\/strong><br \/>\nGotska Golf Club: 3.5 km<br \/>\nSuderby Golf: 9.5 km<br \/>\nVisby Golf Club: 26 km<\/p>\n    <\/div>\n<\/div>\n<\/div><\/div><\/div><div id=\"pgc-3546-3-2\"  class=\"panel-grid-cell panel-grid-cell-mobile-last\" ><div id=\"panel-3546-3-2-0\" class=\"so-panel widget widget_center-text panel-first-child panel-last-child\" data-index=\"5\" ><div\n\t\t\t\n\t\t\tclass=\"so-widget-center-text so-widget-center-text-base\"\n\t\t\t\n\t\t><style>\n    #widget-19830269567f0366c8b5bc187219251{\n        background-color: ;\n    }\n    #widget-19830269567f0366c8b5bc187219251 .content *{\n        color:#0c0c0c;\n    }\n<\/style>\n\n\n<div id=\"widget-19830269567f0366c8b5bc187219251\" class=\"container\">\n    <div class=\"content\">\n        <p style=\"text-align: left;\"><strong>AIR CONDITIONING<\/strong><br \/>\nWe have a limited number of portable air conditioners\/air coolers available for rent at 100 SEK per night. Please ask the reception during your stay or contact us by phone\/email before arrival if you wish to pre-book.<\/p>\n<p style=\"text-align: left;\"><strong>ACCESSIBILITY<\/strong><br \/>\nThe hotel is not wheelchair accessible.<\/p>\n<p style=\"text-align: left;\"><strong>CAR &amp; BIKE RENTAL<\/strong><br \/>\nWe recommend uthyrningen.com if you want to rent a car or moped: <a href=\"http:\/\/www.mickesbiluthyrning.se\">http:\/\/www.mickesbiluthyrning.se<\/a><br \/>\nFor bike rental, we recommend Gotlands Cykeluthyrning: <a href=\"https:\/\/gotlandscykeluthyrning.com\/\">www.gotlandscykeluthyrning.com<\/a><\/p>\n<p style=\"text-align: left;\"><strong>INTERNET<\/strong><br \/>\nThe hotel offers free Wi-Fi for all guests.<\/p>\n<p style=\"text-align: left;\"><strong>EXERCISE<\/strong><br \/>\nYou can quickly reach the seaside promenade through the Botanical Garden, from where you have kilometers of beautiful walking and cycling paths.<\/p>\n<p style=\"text-align: left;\"><strong>PARKING<\/strong><br \/>\nBreda Blick has a limited number of parking spaces close to the garden, which can be booked in advance by contacting the hotel at a cost of 100 SEK per day. Please note that spaces fill up quickly and we cannot guarantee all guests a parking spot. Cars are limited in the city center during the summer, but this does not apply to you as a guest at Breda Blick since we have our own parking. If your car will be parked for a longer period, we recommend parking at Kruttornet or at Wisby Strand Conference Hall.<\/p>\n<p style=\"text-align: left;\"><strong>RESTAURANTS<\/strong><br \/>\nThere are many restaurants within walking distance from the hotel. The reception will be happy to help with recommendations and table bookings.<\/p>\n<p style=\"text-align: left;\"><strong>PETS<\/strong><br \/>\nDogs are allowed in our hotel rooms for a fee of 150 SEK per night. Please contact the hotel in advance to book a room with a dog.<\/p>\n<p style=\"text-align: left;\"><strong>SMOKING<\/strong><br \/>\nSmoking is generally prohibited on the hotel premises. Smoking is only allowed in the designated area next to the main building. A cleaning fee of 5 000 SEK will be charged for smoking in the rooms.<\/p>\n<p style=\"text-align: left;\"><strong>ROOM TELEPHONES<\/strong><br \/>\nThe rooms do not have telephones. In case of emergency, you can borrow a phone at the reception.<\/p>\n<p style=\"text-align: left;\"><strong>TRANSFER<\/strong><br \/>\nA taxi transfer from the harbor costs about 130 SEK, and from the airport about 175 SEK. Airport transport can be booked via <a href=\"http:\/\/www.flygtaxi.se\/\">www.flygtaxi.se<\/a>, where you must provide your flight number. The airport bus can be booked at <a href=\"http:\/\/www.flygbussarna.se\/\">www.flygbussarna.se<\/a>.<\/p>\n<p style=\"text-align: left;\"><strong>DISTURBANCE SERVICE<\/strong><br \/>\nThe facility expects all guests to maintain order and ensure a pleasant and peaceful environment. At Breda Blick, the hotel should be quiet after 11PM. Any disturbance service (security company) call-out after 11:00 PM will be charged 5 000 SEK.<\/p>\n    <\/div>\n<\/div>\n<\/div><\/div><\/div><div id=\"pgc-3546-3-3\"  class=\"panel-grid-cell panel-grid-cell-empty\" ><\/div><\/div><\/div><\/div>","protected":false},"excerpt":{"rendered":"<p>Information &amp; Contact OPENING HOURS\/RECEPTION The hotel is open for the 2026 season. Welcome! Booking questions are easiest to make by email to info@bredablick.se. Booking on the website is open all year round. For most non-urgent matters, we can also be reached by phone at 0498-20 22 60. Reception Opening Hours March 31-June 21 2026: [&hellip;]<\/p>\n","protected":false},"author":18,"featured_media":0,"parent":0,"menu_order":0,"comment_status":"closed","ping_status":"closed","template":"","meta":{"footnotes":""},"class_list":["post-3546","page","type-page","status-publish","hentry"],"yoast_head":"<!-- This site is optimized with the Yoast SEO plugin v26.9 - https:\/\/yoast.com\/product\/yoast-seo-wordpress\/ -->\n<title>Information &amp; Contact - Hotell Breda Blick<\/title>\n<meta name=\"robots\" content=\"index, follow, max-snippet:-1, max-image-preview:large, max-video-preview:-1\" \/>\n<link rel=\"canonical\" href=\"https:\/\/bredablick.se\/en\/information\/\" \/>\n<meta property=\"og:locale\" content=\"en_US\" \/>\n<meta property=\"og:type\" content=\"article\" \/>\n<meta property=\"og:title\" content=\"Information &amp; Contact - Hotell Breda Blick\" \/>\n<meta property=\"og:description\" content=\"Information &amp; Contact OPENING HOURS\/RECEPTION The hotel is open for the 2026 season. Welcome! Booking questions are easiest to make by email to info@bredablick.se. Booking on the website is open all year round. For most non-urgent matters, we can also be reached by phone at 0498-20 22 60. Reception Opening Hours March 31-June 21 2026: [&hellip;]\" \/>\n<meta property=\"og:url\" content=\"https:\/\/bredablick.se\/en\/information\/\" \/>\n<meta property=\"og:site_name\" content=\"Hotell Breda Blick\" \/>\n<meta property=\"article:modified_time\" content=\"2026-04-29T14:56:20+00:00\" \/>\n<meta name=\"twitter:card\" content=\"summary_large_image\" \/>\n<meta name=\"twitter:label1\" content=\"Est. reading time\" \/>\n\t<meta name=\"twitter:data1\" content=\"6 minutes\" \/>\n<!-- \/ Yoast SEO plugin. -->","yoast_head_json":{"title":"Information &amp; Contact - Hotell Breda Blick","robots":{"index":"index","follow":"follow","max-snippet":"max-snippet:-1","max-image-preview":"max-image-preview:large","max-video-preview":"max-video-preview:-1"},"canonical":"https:\/\/bredablick.se\/en\/information\/","og_locale":"en_US","og_type":"article","og_title":"Information &amp; Contact - Hotell Breda Blick","og_description":"Information &amp; Contact OPENING HOURS\/RECEPTION The hotel is open for the 2026 season. Welcome! Booking questions are easiest to make by email to info@bredablick.se. Booking on the website is open all year round. For most non-urgent matters, we can also be reached by phone at 0498-20 22 60. Reception Opening Hours March 31-June 21 2026: [&hellip;]","og_url":"https:\/\/bredablick.se\/en\/information\/","og_site_name":"Hotell Breda Blick","article_modified_time":"2026-04-29T14:56:20+00:00","twitter_card":"summary_large_image","twitter_misc":{"Est. reading time":"6 minutes"},"schema":{"@context":"https:\/\/schema.org","@graph":[{"@type":"WebPage","@id":"https:\/\/bredablick.se\/en\/information\/","url":"https:\/\/bredablick.se\/en\/information\/","name":"Information &amp; Contact - Hotell Breda Blick","isPartOf":{"@id":"https:\/\/bredablick.se\/en\/#website"},"datePublished":"2025-01-21T20:00:48+00:00","dateModified":"2026-04-29T14:56:20+00:00","breadcrumb":{"@id":"https:\/\/bredablick.se\/en\/information\/#breadcrumb"},"inLanguage":"en-US","potentialAction":[{"@type":"ReadAction","target":["https:\/\/bredablick.se\/en\/information\/"]}]},{"@type":"BreadcrumbList","@id":"https:\/\/bredablick.se\/en\/information\/#breadcrumb","itemListElement":[{"@type":"ListItem","position":1,"name":"Hem","item":"https:\/\/bredablick.se\/en\/"},{"@type":"ListItem","position":2,"name":"Information &amp; Contact"}]},{"@type":"WebSite","@id":"https:\/\/bredablick.se\/en\/#website","url":"https:\/\/bredablick.se\/en\/","name":"Hotell Breda Blick","description":"Ett sekelskifteshotell i Visby","potentialAction":[{"@type":"SearchAction","target":{"@type":"EntryPoint","urlTemplate":"https:\/\/bredablick.se\/en\/?s={search_term_string}"},"query-input":{"@type":"PropertyValueSpecification","valueRequired":true,"valueName":"search_term_string"}}],"inLanguage":"en-US"}]}},"acf":{"richsnippet":""},"_links":{"self":[{"href":"https:\/\/bredablick.se\/en\/wp-json\/wp\/v2\/pages\/3546","targetHints":{"allow":["GET"]}}],"collection":[{"href":"https:\/\/bredablick.se\/en\/wp-json\/wp\/v2\/pages"}],"about":[{"href":"https:\/\/bredablick.se\/en\/wp-json\/wp\/v2\/types\/page"}],"author":[{"embeddable":true,"href":"https:\/\/bredablick.se\/en\/wp-json\/wp\/v2\/users\/18"}],"replies":[{"embeddable":true,"href":"https:\/\/bredablick.se\/en\/wp-json\/wp\/v2\/comments?post=3546"}],"version-history":[{"count":30,"href":"https:\/\/bredablick.se\/en\/wp-json\/wp\/v2\/pages\/3546\/revisions"}],"predecessor-version":[{"id":3788,"href":"https:\/\/bredablick.se\/en\/wp-json\/wp\/v2\/pages\/3546\/revisions\/3788"}],"wp:attachment":[{"href":"https:\/\/bredablick.se\/en\/wp-json\/wp\/v2\/media?parent=3546"}],"curies":[{"name":"wp","href":"https:\/\/api.w.org\/{rel}","templated":true}]}}